{"id":9750,"date":"2016-04-09T14:27:11","date_gmt":"2016-04-09T19:27:11","guid":{"rendered":"https:\/\/huicholesfilm.com\/es\/?page_id=9750"},"modified":"2020-08-28T17:58:15","modified_gmt":"2020-08-28T22:58:15","slug":"premios","status":"publish","type":"page","link":"https:\/\/huicholesfilm.com\/es\/premios\/","title":{"rendered":"Premios"},"content":{"rendered":"<p><strong><img loading=\"lazy\" decoding=\"async\" class=\"alignnone wp-image-10156 size-large\" src=\"https:\/\/huicholesfilm.com\/es\/wp-content\/uploads\/2020\/08\/Poster-Huicholes-Mayo2020-682x1024.png\" alt=\"\" width=\"500\" height=\"751\" srcset=\"https:\/\/huicholesfilm.com\/es\/wp-content\/uploads\/2020\/08\/Poster-Huicholes-Mayo2020-682x1024.png 682w, https:\/\/huicholesfilm.com\/es\/wp-content\/uploads\/2020\/08\/Poster-Huicholes-Mayo2020-200x300.png 200w, https:\/\/huicholesfilm.com\/es\/wp-content\/uploads\/2020\/08\/Poster-Huicholes-Mayo2020-768x1152.png 768w, https:\/\/huicholesfilm.com\/es\/wp-content\/uploads\/2020\/08\/Poster-Huicholes-Mayo2020.png 853w\" sizes=\"auto, (max-width: 500px) 100vw, 500px\" \/><\/strong><\/p>\n<p><strong>2014<\/strong><\/p>\n<p>2\u00b0 Festival Internacional de Cine Ambiental (FINCA) Buenos Aires, Argentina<\/p>\n<p>-Premio del P\u00fablico,<\/p>\n<p>-Premio Signis<\/p>\n<p>-Menci\u00f3n del Jurado, secci\u00f3n Largometrajes en Competencia 11\u00b0 Red Nation Film Festival (Beverly Hills. USA) &#8211; Mejor Largometraje Documental 2014<\/p>\n<p><strong>2015<\/strong><\/p>\n<p>2\u00ba Festival Sayulita (Nayarit, M\u00e9xico) &#8211; Mejor Documental 2014<\/p>\n<p>2\u00ba International Movie Awards (Jakarta, Indonesia) &#8211; Premio Oro Documental Americano<\/p>\n<p>4\u00ba FICIP Festival Internacional de Cine Independiente de Pozos (M\u00e9xico) &#8211; Mejor Documental<\/p>\n<p>32\u00ba Festival de CIne de Bogot\u00e1 (Colombia) &#8211; Mejor Documental Medio Ambiente<\/p>\n<p>Hollywood International Independent Documentary Awards 2015 (USA) &#8211; Premio Platinum<\/p>\n<p>12\u00b0 Festival de Cine y Derechos Humanos de Barcelona (Espa\u00f1a) &#8211; Premio Survival International a Mejor Pel\u00edcula de Tem\u00e1tica Ind\u00edgena<\/p>\n<p><strong>2016<\/strong><\/p>\n<p>Impact DOCS Awards (La Jolla, USA) &#8211; Premio Excelencia<\/p>\n<p>Latino Film Festival (Cleveland, Ohio, EE UU) Mejor Largometraje Documental<\/p>\n<p>12o Festival Internacional de Derechos Humanos (Sucre, Bolivia) Menci\u00f3n Especial<\/p>\n<p>Spotlight Documentary Film Awards (EE UU) Premio Bronce<\/p>\n<p><strong>2020<\/strong><\/p>\n<p>Festival Internacional de Cine y Medio Ambiente de M\u00e9xico &#8211; Cinema Planeta &#8211; Premio del P\u00fablico<\/p>\n","protected":false},"excerpt":{"rendered":"<p>2014 2\u00b0 Festival Internacional de Cine Ambiental (FINCA) Buenos Aires, Argentina -Premio del P\u00fablico, -Premio Signis -Menci\u00f3n del Jurado, secci\u00f3n Largometrajes en Competencia 11\u00b0 Red Nation Film Festival (Beverly Hills. USA) &#8211; Mejor Largometraje Documental 2014 2015 2\u00ba Festival Sayulita (Nayarit, M\u00e9xico) &#8211; Mejor Documental 2014 2\u00ba International Movie Awards (Jakarta, Indonesia) &#8211; Premio Oro [&hellip;]<\/p>\n","protected":false},"author":2,"featured_media":0,"parent":0,"menu_order":0,"comment_status":"closed","ping_status":"closed","template":"","meta":{"footnotes":""},"class_list":["post-9750","page","type-page","status-publish","hentry"],"yoast_head":"<!-- This site is optimized with the Yoast SEO plugin v27.3 - https:\/\/yoast.com\/product\/yoast-seo-wordpress\/ -->\n<title>Premios - Huicholes: Los \u00daltimos Guardianes del Peyote<\/title>\n<meta name=\"description\" content=\"Premios de Huicholes: Los \u00daltimos Guardianes del Peyote - Cine Documental\" \/>\n<meta name=\"robots\" content=\"index, follow, max-snippet:-1, max-image-preview:large, max-video-preview:-1\" \/>\n<link rel=\"canonical\" href=\"https:\/\/huicholesfilm.com\/es\/premios\/\" \/>\n<meta property=\"og:locale\" content=\"es_ES\" \/>\n<meta property=\"og:type\" content=\"article\" \/>\n<meta property=\"og:title\" content=\"Premios - Huicholes: Los \u00daltimos Guardianes del Peyote\" \/>\n<meta property=\"og:description\" content=\"Premios de Huicholes: Los \u00daltimos Guardianes del Peyote - Cine Documental\" \/>\n<meta property=\"og:url\" content=\"https:\/\/huicholesfilm.com\/es\/premios\/\" \/>\n<meta property=\"og:site_name\" content=\"Huicholes: Los \u00daltimos Guardianes del Peyote\" \/>\n<meta property=\"article:publisher\" content=\"https:\/\/www.facebook.com\/HuicholesTheLastPeyoteGuardians\" \/>\n<meta property=\"article:modified_time\" content=\"2020-08-28T22:58:15+00:00\" \/>\n<meta property=\"og:image\" content=\"https:\/\/huicholesfilm.com\/es\/wp-content\/uploads\/2020\/08\/Poster-Huicholes-Mayo2020-682x1024.png\" \/>\n<meta name=\"twitter:card\" content=\"summary_large_image\" \/>\n<meta name=\"twitter:site\" content=\"@peyoteguardians\" \/>\n<meta name=\"twitter:label1\" content=\"Tiempo de lectura\" \/>\n\t<meta name=\"twitter:data1\" content=\"1 minuto\" \/>\n<script type=\"application\/ld+json\" class=\"yoast-schema-graph\">{\"@context\":\"https:\\\/\\\/schema.org\",\"@graph\":[{\"@type\":\"WebPage\",\"@id\":\"https:\\\/\\\/huicholesfilm.com\\\/es\\\/premios\\\/\",\"url\":\"https:\\\/\\\/huicholesfilm.com\\\/es\\\/premios\\\/\",\"name\":\"Premios - Huicholes: Los \u00daltimos Guardianes del Peyote\",\"isPartOf\":{\"@id\":\"https:\\\/\\\/huicholesfilm.com\\\/es\\\/#website\"},\"primaryImageOfPage\":{\"@id\":\"https:\\\/\\\/huicholesfilm.com\\\/es\\\/premios\\\/#primaryimage\"},\"image\":{\"@id\":\"https:\\\/\\\/huicholesfilm.com\\\/es\\\/premios\\\/#primaryimage\"},\"thumbnailUrl\":\"https:\\\/\\\/huicholesfilm.com\\\/es\\\/wp-content\\\/uploads\\\/2020\\\/08\\\/Poster-Huicholes-Mayo2020-682x1024.png\",\"datePublished\":\"2016-04-09T19:27:11+00:00\",\"dateModified\":\"2020-08-28T22:58:15+00:00\",\"description\":\"Premios de Huicholes: Los \u00daltimos Guardianes del Peyote - Cine Documental\",\"breadcrumb\":{\"@id\":\"https:\\\/\\\/huicholesfilm.com\\\/es\\\/premios\\\/#breadcrumb\"},\"inLanguage\":\"es\",\"potentialAction\":[{\"@type\":\"ReadAction\",\"target\":[\"https:\\\/\\\/huicholesfilm.com\\\/es\\\/premios\\\/\"]}]},{\"@type\":\"ImageObject\",\"inLanguage\":\"es\",\"@id\":\"https:\\\/\\\/huicholesfilm.com\\\/es\\\/premios\\\/#primaryimage\",\"url\":\"https:\\\/\\\/huicholesfilm.com\\\/es\\\/wp-content\\\/uploads\\\/2020\\\/08\\\/Poster-Huicholes-Mayo2020.png\",\"contentUrl\":\"https:\\\/\\\/huicholesfilm.com\\\/es\\\/wp-content\\\/uploads\\\/2020\\\/08\\\/Poster-Huicholes-Mayo2020.png\",\"width\":853,\"height\":1280},{\"@type\":\"BreadcrumbList\",\"@id\":\"https:\\\/\\\/huicholesfilm.com\\\/es\\\/premios\\\/#breadcrumb\",\"itemListElement\":[{\"@type\":\"ListItem\",\"position\":1,\"name\":\"Portada\",\"item\":\"https:\\\/\\\/huicholesfilm.com\\\/es\\\/\"},{\"@type\":\"ListItem\",\"position\":2,\"name\":\"Premios\"}]},{\"@type\":\"WebSite\",\"@id\":\"https:\\\/\\\/huicholesfilm.com\\\/es\\\/#website\",\"url\":\"https:\\\/\\\/huicholesfilm.com\\\/es\\\/\",\"name\":\"Huicholes: Los \u00daltimos Guardianes del Peyote\",\"description\":\"La emblem\u00e1tica lucha del pueblo wix\u00e1rika ante el gobierno mexicano y trasnacionales mineras para salvar Wirikuta, la tierra sagrada del peyote.\",\"potentialAction\":[{\"@type\":\"SearchAction\",\"target\":{\"@type\":\"EntryPoint\",\"urlTemplate\":\"https:\\\/\\\/huicholesfilm.com\\\/es\\\/?s={search_term_string}\"},\"query-input\":{\"@type\":\"PropertyValueSpecification\",\"valueRequired\":true,\"valueName\":\"search_term_string\"}}],\"inLanguage\":\"es\"}]}<\/script>\n<!-- \/ Yoast SEO plugin. -->","yoast_head_json":{"title":"Premios - Huicholes: Los \u00daltimos Guardianes del Peyote","description":"Premios de Huicholes: Los \u00daltimos Guardianes del Peyote - Cine Documental","robots":{"index":"index","follow":"follow","max-snippet":"max-snippet:-1","max-image-preview":"max-image-preview:large","max-video-preview":"max-video-preview:-1"},"canonical":"https:\/\/huicholesfilm.com\/es\/premios\/","og_locale":"es_ES","og_type":"article","og_title":"Premios - Huicholes: Los \u00daltimos Guardianes del Peyote","og_description":"Premios de Huicholes: Los \u00daltimos Guardianes del Peyote - Cine Documental","og_url":"https:\/\/huicholesfilm.com\/es\/premios\/","og_site_name":"Huicholes: Los \u00daltimos Guardianes del Peyote","article_publisher":"https:\/\/www.facebook.com\/HuicholesTheLastPeyoteGuardians","article_modified_time":"2020-08-28T22:58:15+00:00","og_image":[{"url":"https:\/\/huicholesfilm.com\/es\/wp-content\/uploads\/2020\/08\/Poster-Huicholes-Mayo2020-682x1024.png","type":"","width":"","height":""}],"twitter_card":"summary_large_image","twitter_site":"@peyoteguardians","twitter_misc":{"Tiempo de lectura":"1 minuto"},"schema":{"@context":"https:\/\/schema.org","@graph":[{"@type":"WebPage","@id":"https:\/\/huicholesfilm.com\/es\/premios\/","url":"https:\/\/huicholesfilm.com\/es\/premios\/","name":"Premios - Huicholes: Los \u00daltimos Guardianes del Peyote","isPartOf":{"@id":"https:\/\/huicholesfilm.com\/es\/#website"},"primaryImageOfPage":{"@id":"https:\/\/huicholesfilm.com\/es\/premios\/#primaryimage"},"image":{"@id":"https:\/\/huicholesfilm.com\/es\/premios\/#primaryimage"},"thumbnailUrl":"https:\/\/huicholesfilm.com\/es\/wp-content\/uploads\/2020\/08\/Poster-Huicholes-Mayo2020-682x1024.png","datePublished":"2016-04-09T19:27:11+00:00","dateModified":"2020-08-28T22:58:15+00:00","description":"Premios de Huicholes: Los \u00daltimos Guardianes del Peyote - Cine Documental","breadcrumb":{"@id":"https:\/\/huicholesfilm.com\/es\/premios\/#breadcrumb"},"inLanguage":"es","potentialAction":[{"@type":"ReadAction","target":["https:\/\/huicholesfilm.com\/es\/premios\/"]}]},{"@type":"ImageObject","inLanguage":"es","@id":"https:\/\/huicholesfilm.com\/es\/premios\/#primaryimage","url":"https:\/\/huicholesfilm.com\/es\/wp-content\/uploads\/2020\/08\/Poster-Huicholes-Mayo2020.png","contentUrl":"https:\/\/huicholesfilm.com\/es\/wp-content\/uploads\/2020\/08\/Poster-Huicholes-Mayo2020.png","width":853,"height":1280},{"@type":"BreadcrumbList","@id":"https:\/\/huicholesfilm.com\/es\/premios\/#breadcrumb","itemListElement":[{"@type":"ListItem","position":1,"name":"Portada","item":"https:\/\/huicholesfilm.com\/es\/"},{"@type":"ListItem","position":2,"name":"Premios"}]},{"@type":"WebSite","@id":"https:\/\/huicholesfilm.com\/es\/#website","url":"https:\/\/huicholesfilm.com\/es\/","name":"Huicholes: Los \u00daltimos Guardianes del Peyote","description":"La emblem\u00e1tica lucha del pueblo wix\u00e1rika ante el gobierno mexicano y trasnacionales mineras para salvar Wirikuta, la tierra sagrada del peyote.","potentialAction":[{"@type":"SearchAction","target":{"@type":"EntryPoint","urlTemplate":"https:\/\/huicholesfilm.com\/es\/?s={search_term_string}"},"query-input":{"@type":"PropertyValueSpecification","valueRequired":true,"valueName":"search_term_string"}}],"inLanguage":"es"}]}},"_links":{"self":[{"href":"https:\/\/huicholesfilm.com\/es\/wp-json\/wp\/v2\/pages\/9750","targetHints":{"allow":["GET"]}}],"collection":[{"href":"https:\/\/huicholesfilm.com\/es\/wp-json\/wp\/v2\/pages"}],"about":[{"href":"https:\/\/huicholesfilm.com\/es\/wp-json\/wp\/v2\/types\/page"}],"author":[{"embeddable":true,"href":"https:\/\/huicholesfilm.com\/es\/wp-json\/wp\/v2\/users\/2"}],"replies":[{"embeddable":true,"href":"https:\/\/huicholesfilm.com\/es\/wp-json\/wp\/v2\/comments?post=9750"}],"version-history":[{"count":20,"href":"https:\/\/huicholesfilm.com\/es\/wp-json\/wp\/v2\/pages\/9750\/revisions"}],"predecessor-version":[{"id":10160,"href":"https:\/\/huicholesfilm.com\/es\/wp-json\/wp\/v2\/pages\/9750\/revisions\/10160"}],"wp:attachment":[{"href":"https:\/\/huicholesfilm.com\/es\/wp-json\/wp\/v2\/media?parent=9750"}],"curies":[{"name":"wp","href":"https:\/\/api.w.org\/{rel}","templated":true}]}}