{"id":75,"date":"2013-11-23T23:36:07","date_gmt":"2013-11-23T23:36:07","guid":{"rendered":"http:\/\/www.madeinebor.com\/tideswp\/?page_id=6"},"modified":"2015-05-22T18:33:37","modified_gmt":"2015-05-22T18:33:37","slug":"blog","status":"publish","type":"page","link":"https:\/\/huicholesfilm.com\/es\/blog\/","title":{"rendered":"Blog"},"content":{"rendered":"","protected":false},"excerpt":{"rendered":"","protected":false},"author":2,"featured_media":0,"parent":0,"menu_order":0,"comment_status":"closed","ping_status":"open","template":"","meta":{"footnotes":""},"class_list":["post-75","page","type-page","status-publish","hentry"],"yoast_head":"<!-- This site is optimized with the Yoast SEO plugin v27.3 - https:\/\/yoast.com\/product\/yoast-seo-wordpress\/ -->\n<title>Blog - Huicholes: Los \u00daltimos Guardianes del Peyote<\/title>\n<meta name=\"robots\" content=\"index, follow, max-snippet:-1, max-image-preview:large, max-video-preview:-1\" \/>\n<link rel=\"canonical\" href=\"https:\/\/huicholesfilm.com\/es\/blog\/\" \/>\n<meta property=\"og:locale\" content=\"es_ES\" \/>\n<meta property=\"og:type\" content=\"article\" \/>\n<meta property=\"og:title\" content=\"Blog - Huicholes: Los \u00daltimos Guardianes del Peyote\" \/>\n<meta property=\"og:url\" content=\"https:\/\/huicholesfilm.com\/es\/blog\/\" \/>\n<meta property=\"og:site_name\" content=\"Huicholes: Los \u00daltimos Guardianes del Peyote\" \/>\n<meta property=\"article:publisher\" content=\"https:\/\/www.facebook.com\/HuicholesTheLastPeyoteGuardians\" \/>\n<meta property=\"article:modified_time\" content=\"2015-05-22T18:33:37+00:00\" \/>\n<meta name=\"twitter:card\" content=\"summary_large_image\" \/>\n<meta name=\"twitter:site\" content=\"@peyoteguardians\" \/>\n<script type=\"application\/ld+json\" class=\"yoast-schema-graph\">{\"@context\":\"https:\\\/\\\/schema.org\",\"@graph\":[{\"@type\":\"WebPage\",\"@id\":\"https:\\\/\\\/huicholesfilm.com\\\/es\\\/blog\\\/\",\"url\":\"https:\\\/\\\/huicholesfilm.com\\\/es\\\/blog\\\/\",\"name\":\"Blog - Huicholes: Los \u00daltimos Guardianes del Peyote\",\"isPartOf\":{\"@id\":\"https:\\\/\\\/huicholesfilm.com\\\/es\\\/#website\"},\"datePublished\":\"2013-11-23T23:36:07+00:00\",\"dateModified\":\"2015-05-22T18:33:37+00:00\",\"breadcrumb\":{\"@id\":\"https:\\\/\\\/huicholesfilm.com\\\/es\\\/blog\\\/#breadcrumb\"},\"inLanguage\":\"es\",\"potentialAction\":[{\"@type\":\"ReadAction\",\"target\":[\"https:\\\/\\\/huicholesfilm.com\\\/es\\\/blog\\\/\"]}]},{\"@type\":\"BreadcrumbList\",\"@id\":\"https:\\\/\\\/huicholesfilm.com\\\/es\\\/blog\\\/#breadcrumb\",\"itemListElement\":[{\"@type\":\"ListItem\",\"position\":1,\"name\":\"Portada\",\"item\":\"https:\\\/\\\/huicholesfilm.com\\\/es\\\/\"},{\"@type\":\"ListItem\",\"position\":2,\"name\":\"Blog\"}]},{\"@type\":\"WebSite\",\"@id\":\"https:\\\/\\\/huicholesfilm.com\\\/es\\\/#website\",\"url\":\"https:\\\/\\\/huicholesfilm.com\\\/es\\\/\",\"name\":\"Huicholes: Los \u00daltimos Guardianes del Peyote\",\"description\":\"La emblem\u00e1tica lucha del pueblo wix\u00e1rika ante el gobierno mexicano y trasnacionales mineras para salvar Wirikuta, la tierra sagrada del peyote.\",\"potentialAction\":[{\"@type\":\"SearchAction\",\"target\":{\"@type\":\"EntryPoint\",\"urlTemplate\":\"https:\\\/\\\/huicholesfilm.com\\\/es\\\/?s={search_term_string}\"},\"query-input\":{\"@type\":\"PropertyValueSpecification\",\"valueRequired\":true,\"valueName\":\"search_term_string\"}}],\"inLanguage\":\"es\"}]}<\/script>\n<!-- \/ Yoast SEO plugin. -->","yoast_head_json":{"title":"Blog - Huicholes: Los \u00daltimos Guardianes del Peyote","robots":{"index":"index","follow":"follow","max-snippet":"max-snippet:-1","max-image-preview":"max-image-preview:large","max-video-preview":"max-video-preview:-1"},"canonical":"https:\/\/huicholesfilm.com\/es\/blog\/","og_locale":"es_ES","og_type":"article","og_title":"Blog - Huicholes: Los \u00daltimos Guardianes del Peyote","og_url":"https:\/\/huicholesfilm.com\/es\/blog\/","og_site_name":"Huicholes: Los \u00daltimos Guardianes del Peyote","article_publisher":"https:\/\/www.facebook.com\/HuicholesTheLastPeyoteGuardians","article_modified_time":"2015-05-22T18:33:37+00:00","twitter_card":"summary_large_image","twitter_site":"@peyoteguardians","schema":{"@context":"https:\/\/schema.org","@graph":[{"@type":"WebPage","@id":"https:\/\/huicholesfilm.com\/es\/blog\/","url":"https:\/\/huicholesfilm.com\/es\/blog\/","name":"Blog - Huicholes: Los \u00daltimos Guardianes del Peyote","isPartOf":{"@id":"https:\/\/huicholesfilm.com\/es\/#website"},"datePublished":"2013-11-23T23:36:07+00:00","dateModified":"2015-05-22T18:33:37+00:00","breadcrumb":{"@id":"https:\/\/huicholesfilm.com\/es\/blog\/#breadcrumb"},"inLanguage":"es","potentialAction":[{"@type":"ReadAction","target":["https:\/\/huicholesfilm.com\/es\/blog\/"]}]},{"@type":"BreadcrumbList","@id":"https:\/\/huicholesfilm.com\/es\/blog\/#breadcrumb","itemListElement":[{"@type":"ListItem","position":1,"name":"Portada","item":"https:\/\/huicholesfilm.com\/es\/"},{"@type":"ListItem","position":2,"name":"Blog"}]},{"@type":"WebSite","@id":"https:\/\/huicholesfilm.com\/es\/#website","url":"https:\/\/huicholesfilm.com\/es\/","name":"Huicholes: Los \u00daltimos Guardianes del Peyote","description":"La emblem\u00e1tica lucha del pueblo wix\u00e1rika ante el gobierno mexicano y trasnacionales mineras para salvar Wirikuta, la tierra sagrada del peyote.","potentialAction":[{"@type":"SearchAction","target":{"@type":"EntryPoint","urlTemplate":"https:\/\/huicholesfilm.com\/es\/?s={search_term_string}"},"query-input":{"@type":"PropertyValueSpecification","valueRequired":true,"valueName":"search_term_string"}}],"inLanguage":"es"}]}},"_links":{"self":[{"href":"https:\/\/huicholesfilm.com\/es\/wp-json\/wp\/v2\/pages\/75","targetHints":{"allow":["GET"]}}],"collection":[{"href":"https:\/\/huicholesfilm.com\/es\/wp-json\/wp\/v2\/pages"}],"about":[{"href":"https:\/\/huicholesfilm.com\/es\/wp-json\/wp\/v2\/types\/page"}],"author":[{"embeddable":true,"href":"https:\/\/huicholesfilm.com\/es\/wp-json\/wp\/v2\/users\/2"}],"replies":[{"embeddable":true,"href":"https:\/\/huicholesfilm.com\/es\/wp-json\/wp\/v2\/comments?post=75"}],"version-history":[{"count":3,"href":"https:\/\/huicholesfilm.com\/es\/wp-json\/wp\/v2\/pages\/75\/revisions"}],"predecessor-version":[{"id":173,"href":"https:\/\/huicholesfilm.com\/es\/wp-json\/wp\/v2\/pages\/75\/revisions\/173"}],"wp:attachment":[{"href":"https:\/\/huicholesfilm.com\/es\/wp-json\/wp\/v2\/media?parent=75"}],"curies":[{"name":"wp","href":"https:\/\/api.w.org\/{rel}","templated":true}]}}