{"id":10053,"date":"2017-05-02T10:06:32","date_gmt":"2017-05-02T15:06:32","guid":{"rendered":"https:\/\/huicholesfilm.com\/es\/?page_id=10053"},"modified":"2024-05-28T00:40:05","modified_gmt":"2024-05-28T06:40:05","slug":"huicholes-film-latino-america-free","status":"publish","type":"page","link":"https:\/\/huicholesfilm.com\/es\/huicholes-film-latino-america-free\/","title":{"rendered":"Huicholes: Los \u00daltimos Guardianes del Peyote Gratis en Internet en Am\u00e9rica Latina"},"content":{"rendered":"<h1 style=\"text-align: center;\">Huicholes: Los \u00daltimos Guardianes del Peyote Gratis en Internet en Am\u00e9rica Latina<\/h1>\n<p>A partir del 17 de mayo del 2017 Huicholes: Los \u00daltimos Guardianes del Peyote se puede ver gratis en internet en todos los pa\u00edses de Am\u00e9rica Latina.<\/p>\n<p><strong>Desliza hacia abajo para el link de Vimeo<\/strong><\/p>\n<p>Con la finalidad que el mensaje del pueblo wix\u00e1rika (huichol), y la defensa de Wirikuta se conozcan en todos los rincones latinoamericanos, los productores cumplimos con lo solicitado por las autoridades tradicionales y civiles del pueblo wix\u00e1rika.<\/p>\n<div class=\"videowrapper\"><iframe loading=\"lazy\" src=\"https:\/\/player.vimeo.com\/video\/98471251?api=1;title=0&amp;byline=0&amp;portrait=0&amp;color=d01e2f&amp;autoplay=0\" width=\"300\" height=\"150\" frameborder=\"0\" allowfullscreen=\"allowfullscreen\"><\/iframe><\/div>\n<p>&nbsp;<\/p>\n<p>Huicholes: Los \u00daltimos Guardianes del Peyote lo\u00a0\u00a0pueden ver gratis en Argentina, Antigua y Barbuda, Anguilla, Aruba, Barbados, Bahamas, Belice, Bolivia, Isla Bouvet, Brasil, Chile, Colombia, Costa Rica, Cuba, Rep\u00fablica Dominicana, Ecuador, El Salvador, Guatemala, Guyana, Honduras, Jamaica, Martinica, M\u00e9xico, Nicaragua, Panam\u00e1, Paraguay, Per\u00fa, Puerto Rico, Suriname, Trinidad y Tobago, Uruguay y Venezuela.<\/p>\n<p>Tiene subt\u00edtulos para 8 idiomas, incluido el espa\u00f1ol.<\/p>\n<p>Si no est\u00e1s en Am\u00e9rica Latina puedes rentarlo en l\u00ednea\u00a0<a href=\"https:\/\/vimeo.com\/ondemand\/huicholesfilm\" target=\"_blank\" rel=\"noopener noreferrer\">aqu\u00ed<\/a><\/p>\n<p>Si les gusta el documental les pedimos que compartan\u00a0Huicholes: Los \u00daltimos Guardianes del Peyote en sus redes y a sus amigos.<br \/>\nCelebramos tres a\u00f1os desde el estreno mundial.<br \/>\nNos pueden seguir en:<br \/>\nFacebook:\u00a0<a href=\"https:\/\/www.facebook.com\/HuicholesTheLastPeyoteGuardians\/\">https:\/\/www.facebook.com\/HuicholesTheLastPeyoteGuardians\/<br \/>\n<\/a>Twitter: <a href=\"http:\/\/www.twitter.com\/peyoteguardians\">http:\/\/www.twitter.com\/peyoteguardians<br \/>\n<\/a><\/p>\n<p>Ya comenzamos a producir un nuevo proyecto audiovisual y el aporte econ\u00f3mico de todos es importante.<\/p>\n<p>Para que podamos lograr nuestro objetivo\u00a0y seguir contando historias de los pueblos originarios, sus tradiciones y la urgencia de cuidar la vida en nuestro planeta necesitamos tu ayuda.<\/p>\n<p>Si quieres colaborar con nosotros puedes donar en nuestra cuenta de PayPal.<br \/>\n<strong>\u00a1Much\u00edsimas gracias!<\/strong><\/p>\n<form action=\"https:\/\/www.paypal.com\/cgi-bin\/webscr\" method=\"post\" target=\"_top\"><input name=\"cmd\" type=\"hidden\" value=\"_s-xclick\" \/><br \/>\n<input name=\"hosted_button_id\" type=\"hidden\" value=\"KBKJ2HQW8CQP8\" \/><br \/>\n<input alt=\"PayPal. La forma r\u00e1pida y segura de pagar en Internet.\" name=\"submit\" src=\"https:\/\/www.paypalobjects.com\/es_ES\/ES\/i\/btn\/btn_donateCC_LG.gif\" type=\"image\" \/><br \/>\n<img loading=\"lazy\" decoding=\"async\" src=\"https:\/\/www.paypalobjects.com\/en_US\/i\/scr\/pixel.gif\" alt=\"\" width=\"1\" height=\"1\" border=\"0\" \/><\/form>\n","protected":false},"excerpt":{"rendered":"<p>Huicholes: Los \u00daltimos Guardianes del Peyote Gratis en Internet en Am\u00e9rica Latina A partir del 17 de mayo del 2017 Huicholes: Los \u00daltimos Guardianes del Peyote se puede ver gratis en internet en todos los pa\u00edses de Am\u00e9rica Latina. Desliza hacia abajo para el link de Vimeo Con la finalidad que el mensaje del pueblo [&hellip;]<\/p>\n","protected":false},"author":8999,"featured_media":0,"parent":0,"menu_order":0,"comment_status":"closed","ping_status":"closed","template":"page-10053.php","meta":{"footnotes":""},"class_list":["post-10053","page","type-page","status-publish","hentry"],"yoast_head":"<!-- This site is optimized with the Yoast SEO plugin v27.3 - https:\/\/yoast.com\/product\/yoast-seo-wordpress\/ -->\n<title>Huicholes: Los \u00daltimos Guardianes del Peyote gratis en Internet en LATAM<\/title>\n<meta name=\"description\" content=\"Huicholes: Los \u00daltimos Guardianes del Peyote, que trata sobre la defensa de Wiirkuta, gratis en Internet para todos los pa\u00edses de Am\u00e9rica Latina\" \/>\n<meta name=\"robots\" content=\"index, follow, max-snippet:-1, max-image-preview:large, max-video-preview:-1\" \/>\n<link rel=\"canonical\" href=\"https:\/\/huicholesfilm.com\/es\/huicholes-film-latino-america-free\/\" \/>\n<meta property=\"og:locale\" content=\"es_ES\" \/>\n<meta property=\"og:type\" content=\"article\" \/>\n<meta property=\"og:title\" content=\"Huicholes: Los \u00daltimos Guardianes del Peyote gratis en Internet en LATAM\" \/>\n<meta property=\"og:description\" content=\"Huicholes: Los \u00daltimos Guardianes del Peyote, que trata sobre la defensa de Wiirkuta, gratis en Internet para todos los pa\u00edses de Am\u00e9rica Latina\" \/>\n<meta property=\"og:url\" content=\"https:\/\/huicholesfilm.com\/es\/huicholes-film-latino-america-free\/\" \/>\n<meta property=\"og:site_name\" content=\"Huicholes: Los \u00daltimos Guardianes del Peyote\" \/>\n<meta property=\"article:publisher\" content=\"https:\/\/www.facebook.com\/HuicholesTheLastPeyoteGuardians\" \/>\n<meta property=\"article:modified_time\" content=\"2024-05-28T06:40:05+00:00\" \/>\n<meta property=\"og:image\" content=\"https:\/\/www.paypalobjects.com\/en_US\/i\/scr\/pixel.gif\" \/>\n<meta name=\"twitter:card\" content=\"summary_large_image\" \/>\n<meta name=\"twitter:site\" content=\"@peyoteguardians\" \/>\n<meta name=\"twitter:label1\" content=\"Tiempo de lectura\" \/>\n\t<meta name=\"twitter:data1\" content=\"2 minutos\" \/>\n<script type=\"application\/ld+json\" class=\"yoast-schema-graph\">{\"@context\":\"https:\\\/\\\/schema.org\",\"@graph\":[{\"@type\":\"WebPage\",\"@id\":\"https:\\\/\\\/huicholesfilm.com\\\/es\\\/huicholes-film-latino-america-free\\\/\",\"url\":\"https:\\\/\\\/huicholesfilm.com\\\/es\\\/huicholes-film-latino-america-free\\\/\",\"name\":\"Huicholes: Los \u00daltimos Guardianes del Peyote gratis en Internet en LATAM\",\"isPartOf\":{\"@id\":\"https:\\\/\\\/huicholesfilm.com\\\/es\\\/#website\"},\"primaryImageOfPage\":{\"@id\":\"https:\\\/\\\/huicholesfilm.com\\\/es\\\/huicholes-film-latino-america-free\\\/#primaryimage\"},\"image\":{\"@id\":\"https:\\\/\\\/huicholesfilm.com\\\/es\\\/huicholes-film-latino-america-free\\\/#primaryimage\"},\"thumbnailUrl\":\"https:\\\/\\\/www.paypalobjects.com\\\/en_US\\\/i\\\/scr\\\/pixel.gif\",\"datePublished\":\"2017-05-02T15:06:32+00:00\",\"dateModified\":\"2024-05-28T06:40:05+00:00\",\"description\":\"Huicholes: Los \u00daltimos Guardianes del Peyote, que trata sobre la defensa de Wiirkuta, gratis en Internet para todos los pa\u00edses de Am\u00e9rica Latina\",\"breadcrumb\":{\"@id\":\"https:\\\/\\\/huicholesfilm.com\\\/es\\\/huicholes-film-latino-america-free\\\/#breadcrumb\"},\"inLanguage\":\"es\",\"potentialAction\":[{\"@type\":\"ReadAction\",\"target\":[\"https:\\\/\\\/huicholesfilm.com\\\/es\\\/huicholes-film-latino-america-free\\\/\"]}]},{\"@type\":\"ImageObject\",\"inLanguage\":\"es\",\"@id\":\"https:\\\/\\\/huicholesfilm.com\\\/es\\\/huicholes-film-latino-america-free\\\/#primaryimage\",\"url\":\"https:\\\/\\\/www.paypalobjects.com\\\/en_US\\\/i\\\/scr\\\/pixel.gif\",\"contentUrl\":\"https:\\\/\\\/www.paypalobjects.com\\\/en_US\\\/i\\\/scr\\\/pixel.gif\"},{\"@type\":\"BreadcrumbList\",\"@id\":\"https:\\\/\\\/huicholesfilm.com\\\/es\\\/huicholes-film-latino-america-free\\\/#breadcrumb\",\"itemListElement\":[{\"@type\":\"ListItem\",\"position\":1,\"name\":\"Portada\",\"item\":\"https:\\\/\\\/huicholesfilm.com\\\/es\\\/\"},{\"@type\":\"ListItem\",\"position\":2,\"name\":\"Huicholes: Los \u00daltimos Guardianes del Peyote Gratis en Internet en Am\u00e9rica Latina\"}]},{\"@type\":\"WebSite\",\"@id\":\"https:\\\/\\\/huicholesfilm.com\\\/es\\\/#website\",\"url\":\"https:\\\/\\\/huicholesfilm.com\\\/es\\\/\",\"name\":\"Huicholes: Los \u00daltimos Guardianes del Peyote\",\"description\":\"La emblem\u00e1tica lucha del pueblo wix\u00e1rika ante el gobierno mexicano y trasnacionales mineras para salvar Wirikuta, la tierra sagrada del peyote.\",\"potentialAction\":[{\"@type\":\"SearchAction\",\"target\":{\"@type\":\"EntryPoint\",\"urlTemplate\":\"https:\\\/\\\/huicholesfilm.com\\\/es\\\/?s={search_term_string}\"},\"query-input\":{\"@type\":\"PropertyValueSpecification\",\"valueRequired\":true,\"valueName\":\"search_term_string\"}}],\"inLanguage\":\"es\"}]}<\/script>\n<!-- \/ Yoast SEO plugin. -->","yoast_head_json":{"title":"Huicholes: Los \u00daltimos Guardianes del Peyote gratis en Internet en LATAM","description":"Huicholes: Los \u00daltimos Guardianes del Peyote, que trata sobre la defensa de Wiirkuta, gratis en Internet para todos los pa\u00edses de Am\u00e9rica Latina","robots":{"index":"index","follow":"follow","max-snippet":"max-snippet:-1","max-image-preview":"max-image-preview:large","max-video-preview":"max-video-preview:-1"},"canonical":"https:\/\/huicholesfilm.com\/es\/huicholes-film-latino-america-free\/","og_locale":"es_ES","og_type":"article","og_title":"Huicholes: Los \u00daltimos Guardianes del Peyote gratis en Internet en LATAM","og_description":"Huicholes: Los \u00daltimos Guardianes del Peyote, que trata sobre la defensa de Wiirkuta, gratis en Internet para todos los pa\u00edses de Am\u00e9rica Latina","og_url":"https:\/\/huicholesfilm.com\/es\/huicholes-film-latino-america-free\/","og_site_name":"Huicholes: Los \u00daltimos Guardianes del Peyote","article_publisher":"https:\/\/www.facebook.com\/HuicholesTheLastPeyoteGuardians","article_modified_time":"2024-05-28T06:40:05+00:00","og_image":[{"url":"https:\/\/www.paypalobjects.com\/en_US\/i\/scr\/pixel.gif","type":"","width":"","height":""}],"twitter_card":"summary_large_image","twitter_site":"@peyoteguardians","twitter_misc":{"Tiempo de lectura":"2 minutos"},"schema":{"@context":"https:\/\/schema.org","@graph":[{"@type":"WebPage","@id":"https:\/\/huicholesfilm.com\/es\/huicholes-film-latino-america-free\/","url":"https:\/\/huicholesfilm.com\/es\/huicholes-film-latino-america-free\/","name":"Huicholes: Los \u00daltimos Guardianes del Peyote gratis en Internet en LATAM","isPartOf":{"@id":"https:\/\/huicholesfilm.com\/es\/#website"},"primaryImageOfPage":{"@id":"https:\/\/huicholesfilm.com\/es\/huicholes-film-latino-america-free\/#primaryimage"},"image":{"@id":"https:\/\/huicholesfilm.com\/es\/huicholes-film-latino-america-free\/#primaryimage"},"thumbnailUrl":"https:\/\/www.paypalobjects.com\/en_US\/i\/scr\/pixel.gif","datePublished":"2017-05-02T15:06:32+00:00","dateModified":"2024-05-28T06:40:05+00:00","description":"Huicholes: Los \u00daltimos Guardianes del Peyote, que trata sobre la defensa de Wiirkuta, gratis en Internet para todos los pa\u00edses de Am\u00e9rica Latina","breadcrumb":{"@id":"https:\/\/huicholesfilm.com\/es\/huicholes-film-latino-america-free\/#breadcrumb"},"inLanguage":"es","potentialAction":[{"@type":"ReadAction","target":["https:\/\/huicholesfilm.com\/es\/huicholes-film-latino-america-free\/"]}]},{"@type":"ImageObject","inLanguage":"es","@id":"https:\/\/huicholesfilm.com\/es\/huicholes-film-latino-america-free\/#primaryimage","url":"https:\/\/www.paypalobjects.com\/en_US\/i\/scr\/pixel.gif","contentUrl":"https:\/\/www.paypalobjects.com\/en_US\/i\/scr\/pixel.gif"},{"@type":"BreadcrumbList","@id":"https:\/\/huicholesfilm.com\/es\/huicholes-film-latino-america-free\/#breadcrumb","itemListElement":[{"@type":"ListItem","position":1,"name":"Portada","item":"https:\/\/huicholesfilm.com\/es\/"},{"@type":"ListItem","position":2,"name":"Huicholes: Los \u00daltimos Guardianes del Peyote Gratis en Internet en Am\u00e9rica Latina"}]},{"@type":"WebSite","@id":"https:\/\/huicholesfilm.com\/es\/#website","url":"https:\/\/huicholesfilm.com\/es\/","name":"Huicholes: Los \u00daltimos Guardianes del Peyote","description":"La emblem\u00e1tica lucha del pueblo wix\u00e1rika ante el gobierno mexicano y trasnacionales mineras para salvar Wirikuta, la tierra sagrada del peyote.","potentialAction":[{"@type":"SearchAction","target":{"@type":"EntryPoint","urlTemplate":"https:\/\/huicholesfilm.com\/es\/?s={search_term_string}"},"query-input":{"@type":"PropertyValueSpecification","valueRequired":true,"valueName":"search_term_string"}}],"inLanguage":"es"}]}},"_links":{"self":[{"href":"https:\/\/huicholesfilm.com\/es\/wp-json\/wp\/v2\/pages\/10053","targetHints":{"allow":["GET"]}}],"collection":[{"href":"https:\/\/huicholesfilm.com\/es\/wp-json\/wp\/v2\/pages"}],"about":[{"href":"https:\/\/huicholesfilm.com\/es\/wp-json\/wp\/v2\/types\/page"}],"author":[{"embeddable":true,"href":"https:\/\/huicholesfilm.com\/es\/wp-json\/wp\/v2\/users\/8999"}],"replies":[{"embeddable":true,"href":"https:\/\/huicholesfilm.com\/es\/wp-json\/wp\/v2\/comments?post=10053"}],"version-history":[{"count":36,"href":"https:\/\/huicholesfilm.com\/es\/wp-json\/wp\/v2\/pages\/10053\/revisions"}],"predecessor-version":[{"id":10300,"href":"https:\/\/huicholesfilm.com\/es\/wp-json\/wp\/v2\/pages\/10053\/revisions\/10300"}],"wp:attachment":[{"href":"https:\/\/huicholesfilm.com\/es\/wp-json\/wp\/v2\/media?parent=10053"}],"curies":[{"name":"wp","href":"https:\/\/api.w.org\/{rel}","templated":true}]}}