{"id":10006,"date":"2016-12-17T11:28:06","date_gmt":"2016-12-17T17:28:06","guid":{"rendered":"https:\/\/huicholesfilm.com\/es\/?page_id=10006"},"modified":"2017-05-20T08:04:30","modified_gmt":"2017-05-20T13:04:30","slug":"apoyo-la-produccion","status":"publish","type":"page","link":"https:\/\/huicholesfilm.com\/es\/apoyo-la-produccion\/","title":{"rendered":"Apoyo a la producci\u00f3n"},"content":{"rendered":"<p style=\"text-align: justify;\"> En este momento estamos empezando a producir un nuevo proyecto audiovisual (que pronto anunciaremos), y el aporte econ\u00f3mico de todxs es importante para que podamos lograr nuestro objetivo: <strong> seguir compartiendo historias que ayuden a generar conciencia sobre la importancia del conocimiento ancestral de los pueblos originarios de Am\u00e9rica, y su mensaje urgente para cuidar la vida en nuestro planeta.<\/strong><br \/>\nSi quieres colaborar con nosotros, puedes donar a nuestra cuenta de PayPal.<br \/>\n\u00a1Much\u00edsimas gracias!<\/p>\n<form action=\"https:\/\/www.paypal.com\/cgi-bin\/webscr\" method=\"post\" target=\"_top\"><input name=\"cmd\" type=\"hidden\" value=\"_s-xclick\" \/><br \/>\n<input name=\"hosted_button_id\" type=\"hidden\" value=\"KBKJ2HQW8CQP8\" \/><br \/>\n<input alt=\"PayPal. La forma r\u00e1pida y segura de pagar en Internet.\" name=\"submit\" src=\"https:\/\/www.paypalobjects.com\/es_ES\/ES\/i\/btn\/btn_donateCC_LG.gif\" type=\"image\" \/><br \/>\n<img loading=\"lazy\" decoding=\"async\" src=\"https:\/\/www.paypalobjects.com\/en_US\/i\/scr\/pixel.gif\" alt=\"\" width=\"1\" height=\"1\" border=\"0\" \/><\/form>\n","protected":false},"excerpt":{"rendered":"<p>En este momento estamos empezando a producir un nuevo proyecto audiovisual (que pronto anunciaremos), y el aporte econ\u00f3mico de todxs es importante para que podamos lograr nuestro objetivo: seguir compartiendo historias que ayuden a generar conciencia sobre la importancia del conocimiento ancestral de los pueblos originarios de Am\u00e9rica, y su mensaje urgente para cuidar la [&hellip;]<\/p>\n","protected":false},"author":2,"featured_media":0,"parent":0,"menu_order":0,"comment_status":"closed","ping_status":"closed","template":"","meta":{"footnotes":""},"class_list":["post-10006","page","type-page","status-publish","hentry"],"yoast_head":"<!-- This site is optimized with the Yoast SEO plugin v27.5 - https:\/\/yoast.com\/product\/yoast-seo-wordpress\/ -->\n<title>Apoyo a la producci\u00f3n - Huicholes: Los \u00daltimos Guardianes del Peyote<\/title>\n<meta name=\"robots\" content=\"index, follow, max-snippet:-1, max-image-preview:large, max-video-preview:-1\" \/>\n<link rel=\"canonical\" href=\"https:\/\/huicholesfilm.com\/es\/apoyo-la-produccion\/\" \/>\n<meta property=\"og:locale\" content=\"es_ES\" \/>\n<meta property=\"og:type\" content=\"article\" \/>\n<meta property=\"og:title\" content=\"Apoyo a la producci\u00f3n - Huicholes: Los \u00daltimos Guardianes del Peyote\" \/>\n<meta property=\"og:description\" content=\"En este momento estamos empezando a producir un nuevo proyecto audiovisual (que pronto anunciaremos), y el aporte econ\u00f3mico de todxs es importante para que podamos lograr nuestro objetivo: seguir compartiendo historias que ayuden a generar conciencia sobre la importancia del conocimiento ancestral de los pueblos originarios de Am\u00e9rica, y su mensaje urgente para cuidar la [&hellip;]\" \/>\n<meta property=\"og:url\" content=\"https:\/\/huicholesfilm.com\/es\/apoyo-la-produccion\/\" \/>\n<meta property=\"og:site_name\" content=\"Huicholes: Los \u00daltimos Guardianes del Peyote\" \/>\n<meta property=\"article:publisher\" content=\"https:\/\/www.facebook.com\/HuicholesTheLastPeyoteGuardians\" \/>\n<meta property=\"article:modified_time\" content=\"2017-05-20T13:04:30+00:00\" \/>\n<meta property=\"og:image\" content=\"https:\/\/www.paypalobjects.com\/en_US\/i\/scr\/pixel.gif\" \/>\n<meta name=\"twitter:card\" content=\"summary_large_image\" \/>\n<meta name=\"twitter:site\" content=\"@peyoteguardians\" \/>\n<script type=\"application\/ld+json\" class=\"yoast-schema-graph\">{\"@context\":\"https:\\\/\\\/schema.org\",\"@graph\":[{\"@type\":\"WebPage\",\"@id\":\"https:\\\/\\\/huicholesfilm.com\\\/es\\\/apoyo-la-produccion\\\/\",\"url\":\"https:\\\/\\\/huicholesfilm.com\\\/es\\\/apoyo-la-produccion\\\/\",\"name\":\"Apoyo a la producci\u00f3n - Huicholes: Los \u00daltimos Guardianes del Peyote\",\"isPartOf\":{\"@id\":\"https:\\\/\\\/huicholesfilm.com\\\/es\\\/#website\"},\"primaryImageOfPage\":{\"@id\":\"https:\\\/\\\/huicholesfilm.com\\\/es\\\/apoyo-la-produccion\\\/#primaryimage\"},\"image\":{\"@id\":\"https:\\\/\\\/huicholesfilm.com\\\/es\\\/apoyo-la-produccion\\\/#primaryimage\"},\"thumbnailUrl\":\"https:\\\/\\\/www.paypalobjects.com\\\/en_US\\\/i\\\/scr\\\/pixel.gif\",\"datePublished\":\"2016-12-17T17:28:06+00:00\",\"dateModified\":\"2017-05-20T13:04:30+00:00\",\"breadcrumb\":{\"@id\":\"https:\\\/\\\/huicholesfilm.com\\\/es\\\/apoyo-la-produccion\\\/#breadcrumb\"},\"inLanguage\":\"es\",\"potentialAction\":[{\"@type\":\"ReadAction\",\"target\":[\"https:\\\/\\\/huicholesfilm.com\\\/es\\\/apoyo-la-produccion\\\/\"]}]},{\"@type\":\"ImageObject\",\"inLanguage\":\"es\",\"@id\":\"https:\\\/\\\/huicholesfilm.com\\\/es\\\/apoyo-la-produccion\\\/#primaryimage\",\"url\":\"https:\\\/\\\/www.paypalobjects.com\\\/en_US\\\/i\\\/scr\\\/pixel.gif\",\"contentUrl\":\"https:\\\/\\\/www.paypalobjects.com\\\/en_US\\\/i\\\/scr\\\/pixel.gif\"},{\"@type\":\"BreadcrumbList\",\"@id\":\"https:\\\/\\\/huicholesfilm.com\\\/es\\\/apoyo-la-produccion\\\/#breadcrumb\",\"itemListElement\":[{\"@type\":\"ListItem\",\"position\":1,\"name\":\"Portada\",\"item\":\"https:\\\/\\\/huicholesfilm.com\\\/es\\\/\"},{\"@type\":\"ListItem\",\"position\":2,\"name\":\"Apoyo a la producci\u00f3n\"}]},{\"@type\":\"WebSite\",\"@id\":\"https:\\\/\\\/huicholesfilm.com\\\/es\\\/#website\",\"url\":\"https:\\\/\\\/huicholesfilm.com\\\/es\\\/\",\"name\":\"Huicholes: Los \u00daltimos Guardianes del Peyote\",\"description\":\"La emblem\u00e1tica lucha del pueblo wix\u00e1rika ante el gobierno mexicano y trasnacionales mineras para salvar Wirikuta, la tierra sagrada del peyote.\",\"potentialAction\":[{\"@type\":\"SearchAction\",\"target\":{\"@type\":\"EntryPoint\",\"urlTemplate\":\"https:\\\/\\\/huicholesfilm.com\\\/es\\\/?s={search_term_string}\"},\"query-input\":{\"@type\":\"PropertyValueSpecification\",\"valueRequired\":true,\"valueName\":\"search_term_string\"}}],\"inLanguage\":\"es\"}]}<\/script>\n<!-- \/ Yoast SEO plugin. -->","yoast_head_json":{"title":"Apoyo a la producci\u00f3n - Huicholes: Los \u00daltimos Guardianes del Peyote","robots":{"index":"index","follow":"follow","max-snippet":"max-snippet:-1","max-image-preview":"max-image-preview:large","max-video-preview":"max-video-preview:-1"},"canonical":"https:\/\/huicholesfilm.com\/es\/apoyo-la-produccion\/","og_locale":"es_ES","og_type":"article","og_title":"Apoyo a la producci\u00f3n - Huicholes: Los \u00daltimos Guardianes del Peyote","og_description":"En este momento estamos empezando a producir un nuevo proyecto audiovisual (que pronto anunciaremos), y el aporte econ\u00f3mico de todxs es importante para que podamos lograr nuestro objetivo: seguir compartiendo historias que ayuden a generar conciencia sobre la importancia del conocimiento ancestral de los pueblos originarios de Am\u00e9rica, y su mensaje urgente para cuidar la [&hellip;]","og_url":"https:\/\/huicholesfilm.com\/es\/apoyo-la-produccion\/","og_site_name":"Huicholes: Los \u00daltimos Guardianes del Peyote","article_publisher":"https:\/\/www.facebook.com\/HuicholesTheLastPeyoteGuardians","article_modified_time":"2017-05-20T13:04:30+00:00","og_image":[{"url":"https:\/\/www.paypalobjects.com\/en_US\/i\/scr\/pixel.gif","type":"","width":"","height":""}],"twitter_card":"summary_large_image","twitter_site":"@peyoteguardians","schema":{"@context":"https:\/\/schema.org","@graph":[{"@type":"WebPage","@id":"https:\/\/huicholesfilm.com\/es\/apoyo-la-produccion\/","url":"https:\/\/huicholesfilm.com\/es\/apoyo-la-produccion\/","name":"Apoyo a la producci\u00f3n - Huicholes: Los \u00daltimos Guardianes del Peyote","isPartOf":{"@id":"https:\/\/huicholesfilm.com\/es\/#website"},"primaryImageOfPage":{"@id":"https:\/\/huicholesfilm.com\/es\/apoyo-la-produccion\/#primaryimage"},"image":{"@id":"https:\/\/huicholesfilm.com\/es\/apoyo-la-produccion\/#primaryimage"},"thumbnailUrl":"https:\/\/www.paypalobjects.com\/en_US\/i\/scr\/pixel.gif","datePublished":"2016-12-17T17:28:06+00:00","dateModified":"2017-05-20T13:04:30+00:00","breadcrumb":{"@id":"https:\/\/huicholesfilm.com\/es\/apoyo-la-produccion\/#breadcrumb"},"inLanguage":"es","potentialAction":[{"@type":"ReadAction","target":["https:\/\/huicholesfilm.com\/es\/apoyo-la-produccion\/"]}]},{"@type":"ImageObject","inLanguage":"es","@id":"https:\/\/huicholesfilm.com\/es\/apoyo-la-produccion\/#primaryimage","url":"https:\/\/www.paypalobjects.com\/en_US\/i\/scr\/pixel.gif","contentUrl":"https:\/\/www.paypalobjects.com\/en_US\/i\/scr\/pixel.gif"},{"@type":"BreadcrumbList","@id":"https:\/\/huicholesfilm.com\/es\/apoyo-la-produccion\/#breadcrumb","itemListElement":[{"@type":"ListItem","position":1,"name":"Portada","item":"https:\/\/huicholesfilm.com\/es\/"},{"@type":"ListItem","position":2,"name":"Apoyo a la producci\u00f3n"}]},{"@type":"WebSite","@id":"https:\/\/huicholesfilm.com\/es\/#website","url":"https:\/\/huicholesfilm.com\/es\/","name":"Huicholes: Los \u00daltimos Guardianes del Peyote","description":"La emblem\u00e1tica lucha del pueblo wix\u00e1rika ante el gobierno mexicano y trasnacionales mineras para salvar Wirikuta, la tierra sagrada del peyote.","potentialAction":[{"@type":"SearchAction","target":{"@type":"EntryPoint","urlTemplate":"https:\/\/huicholesfilm.com\/es\/?s={search_term_string}"},"query-input":{"@type":"PropertyValueSpecification","valueRequired":true,"valueName":"search_term_string"}}],"inLanguage":"es"}]}},"_links":{"self":[{"href":"https:\/\/huicholesfilm.com\/es\/wp-json\/wp\/v2\/pages\/10006","targetHints":{"allow":["GET"]}}],"collection":[{"href":"https:\/\/huicholesfilm.com\/es\/wp-json\/wp\/v2\/pages"}],"about":[{"href":"https:\/\/huicholesfilm.com\/es\/wp-json\/wp\/v2\/types\/page"}],"author":[{"embeddable":true,"href":"https:\/\/huicholesfilm.com\/es\/wp-json\/wp\/v2\/users\/2"}],"replies":[{"embeddable":true,"href":"https:\/\/huicholesfilm.com\/es\/wp-json\/wp\/v2\/comments?post=10006"}],"version-history":[{"count":22,"href":"https:\/\/huicholesfilm.com\/es\/wp-json\/wp\/v2\/pages\/10006\/revisions"}],"predecessor-version":[{"id":10094,"href":"https:\/\/huicholesfilm.com\/es\/wp-json\/wp\/v2\/pages\/10006\/revisions\/10094"}],"wp:attachment":[{"href":"https:\/\/huicholesfilm.com\/es\/wp-json\/wp\/v2\/media?parent=10006"}],"curies":[{"name":"wp","href":"https:\/\/api.w.org\/{rel}","templated":true}]}}